{"id":15211,"date":"2020-06-11T16:10:38","date_gmt":"2020-06-11T14:10:38","guid":{"rendered":"https:\/\/cpgioielli.it\/?post_type=product&#038;p=15211"},"modified":"2022-01-18T11:38:27","modified_gmt":"2022-01-18T10:38:27","slug":"anello-con-centrale-tondo-pave-diamante-in-oro-bianco-ii-misura","status":"publish","type":"product","link":"https:\/\/cpgioielli.it\/en\/prodotto\/anello-con-centrale-tondo-pave-diamante-in-oro-bianco-ii-misura\/","title":{"rendered":"Anello con centrale tondo pav\u00e9 diamante in oro bianco   II misura"},"content":{"rendered":"<p>\n  Pi\u00f9 Luce gioiello di AFRODITE <span lang=\"EN-GB\">100<br \/>\n  % made in Italy by CPgioielli<\/span>\n<\/p>\n<p>\n  &nbsp;\n<\/p>\n<p>\n  &nbsp;\n<\/p>\n<p>\n  Anello pav\u00e9 brillanti per ct tot 0,15 e diamante colore G purezza Vs\/Si, g 4 oro<br \/>\n  18 K (tit 750\/000)\n<\/p>\n<p>\n  &nbsp;\n<\/p>\n<p>\n  Anello a misura unica 14 ( EU 54- \u00d8 16 mm) , su indicazione delle note in fase di<br \/>\n  acquisto \u00e8 possibile indicare la misura corretta ed eventuale incisione .\n<\/p>\n<p>\n  La messa a misura \u00e8 un servizio gratuito in fase di acquisto e richiede circa 7<br \/>\n  gg lavorativi oltre alle tempistiche di normale spedizione.\n<\/p>\n<p>\n  La messa a misura in post vendita ha un sovrapprezzo di 19&euro; oltre al costo<br \/>\n  della spedizione.\n<\/p>\n<p>\n  Il servizio di incisione all&rsquo;interno del gambo dell&rsquo;anello \u00e8 di &euro;<br \/>\n  10 ad incisione .<\/p>\n","protected":false},"excerpt":{"rendered":"<p> Anello pav\u00e9 brillanti per ct tot 0,15 e  diamante colore G purezza Vs\/Si,  g 4  oro 18 K (tit 750\/000)<\/p>\n<p>Anello a misura unica 14 ( EU 54- \u00d8 16 mm) , su indicazione delle note in fase di acquisto \u00e8 possibile indicare la misura corretta ed eventuale incisione .<br \/>\nLa messa a misura \u00e8 un servizio gratuito in fase di acquisto e richiede  circa 7 gg  lavorativi oltre alle tempistiche di normale spedizione.<br \/>\nLa messa a misura in post vendita ha un sovrapprezzo di 19\u20ac oltre al costo della spedizione.<br \/>\nIl servizio di incisione all\u2019interno del gambo dell\u2019anello \u00e8 di \u20ac 10 ad incisione .<\/p>\n","protected":false},"featured_media":15216,"template":"","meta":{"spay_email":""},"product_cat":[276,429,253,642,245,428,259,273,666,551],"product_tag":[481],"yoast_head":"<!-- This site is optimized with the Yoast SEO plugin v21.5 - https:\/\/yoast.com\/wordpress\/plugins\/seo\/ -->\n<title>Anello con centrale tondo pav\u00e9 diamante in oro bianco  II misura - CP gioielli e Afrodite<\/title>\n<meta name=\"robots\" content=\"index, follow, max-snippet:-1, max-image-preview:large, max-video-preview:-1\" \/>\n<link rel=\"canonical\" href=\"https:\/\/cpgioielli.it\/en\/prodotto\/anello-con-centrale-tondo-pave-diamante-in-oro-bianco-ii-misura\/\" \/>\n<meta property=\"og:locale\" content=\"en_US\" \/>\n<meta property=\"og:type\" content=\"article\" \/>\n<meta property=\"og:title\" content=\"Anello con centrale tondo pav\u00e9 diamante in oro bianco  II misura - CP gioielli e Afrodite\" \/>\n<meta property=\"og:description\" content=\"Anello pav\u00e9 brillanti per ct tot 0,15 e diamante colore G purezza Vs\/Si, g 4 oro 18 K (tit 750\/000) Anello a misura unica 14 ( EU 54- \u00d8 16 mm) , su indicazione delle note in fase di acquisto \u00e8 possibile indicare la misura corretta ed eventuale incisione . La messa a misura \u00e8 un servizio gratuito in fase di acquisto e richiede circa 7 gg lavorativi oltre alle tempistiche di normale spedizione. La messa a misura in post vendita ha un sovrapprezzo di 19\u20ac oltre al costo della spedizione. Il servizio di incisione all\u2019interno del gambo dell\u2019anello \u00e8 di \u20ac 10 ad incisione .\" \/>\n<meta property=\"og:url\" content=\"https:\/\/cpgioielli.it\/en\/prodotto\/anello-con-centrale-tondo-pave-diamante-in-oro-bianco-ii-misura\/\" \/>\n<meta property=\"og:site_name\" content=\"CP gioielli e Afrodite\" \/>\n<meta property=\"article:publisher\" content=\"https:\/\/www.facebook.com\/cp.srl\/\" \/>\n<meta property=\"article:modified_time\" content=\"2022-01-18T10:38:27+00:00\" \/>\n<meta property=\"og:image\" content=\"https:\/\/cpgioielli.it\/wp-content\/uploads\/2020\/06\/ANLCT02-000-1146.jpg\" \/>\n\t<meta property=\"og:image:width\" content=\"500\" \/>\n\t<meta property=\"og:image:height\" content=\"500\" \/>\n\t<meta property=\"og:image:type\" content=\"image\/jpeg\" \/>\n<meta name=\"twitter:card\" content=\"summary_large_image\" \/>\n<meta name=\"twitter:label1\" content=\"Est. reading time\" \/>\n\t<meta name=\"twitter:data1\" content=\"1 minute\" \/>\n<script type=\"application\/ld+json\" class=\"yoast-schema-graph\">{\"@context\":\"https:\/\/schema.org\",\"@graph\":[{\"@type\":\"WebPage\",\"@id\":\"https:\/\/cpgioielli.it\/en\/prodotto\/anello-con-centrale-tondo-pave-diamante-in-oro-bianco-ii-misura\/\",\"url\":\"https:\/\/cpgioielli.it\/en\/prodotto\/anello-con-centrale-tondo-pave-diamante-in-oro-bianco-ii-misura\/\",\"name\":\"Anello con centrale tondo pav\u00e9 diamante in oro bianco II misura - CP gioielli e Afrodite\",\"isPartOf\":{\"@id\":\"https:\/\/cpgioielli.it\/en\/#website\"},\"datePublished\":\"2020-06-11T14:10:38+00:00\",\"dateModified\":\"2022-01-18T10:38:27+00:00\",\"breadcrumb\":{\"@id\":\"https:\/\/cpgioielli.it\/en\/prodotto\/anello-con-centrale-tondo-pave-diamante-in-oro-bianco-ii-misura\/#breadcrumb\"},\"inLanguage\":\"en-US\",\"potentialAction\":[{\"@type\":\"ReadAction\",\"target\":[\"https:\/\/cpgioielli.it\/en\/prodotto\/anello-con-centrale-tondo-pave-diamante-in-oro-bianco-ii-misura\/\"]}]},{\"@type\":\"BreadcrumbList\",\"@id\":\"https:\/\/cpgioielli.it\/en\/prodotto\/anello-con-centrale-tondo-pave-diamante-in-oro-bianco-ii-misura\/#breadcrumb\",\"itemListElement\":[{\"@type\":\"ListItem\",\"position\":1,\"name\":\"Home\",\"item\":\"https:\/\/cpgioielli.it\/en\/\"},{\"@type\":\"ListItem\",\"position\":2,\"name\":\"Shop\",\"item\":\"https:\/\/cpgioielli.it\/en\/shop-3\/\"},{\"@type\":\"ListItem\",\"position\":3,\"name\":\"Anello con centrale tondo pav\u00e9 diamante in oro bianco II misura\"}]},{\"@type\":\"WebSite\",\"@id\":\"https:\/\/cpgioielli.it\/en\/#website\",\"url\":\"https:\/\/cpgioielli.it\/en\/\",\"name\":\"CPGIOIELLI.IT VICENZA\",\"description\":\"L&#039;ORIGINALIT\u00c0 DEL GIOIELLO ITALIANO\",\"publisher\":{\"@id\":\"https:\/\/cpgioielli.it\/en\/#organization\"},\"potentialAction\":[{\"@type\":\"SearchAction\",\"target\":{\"@type\":\"EntryPoint\",\"urlTemplate\":\"https:\/\/cpgioielli.it\/en\/?s={search_term_string}\"},\"query-input\":\"required name=search_term_string\"}],\"inLanguage\":\"en-US\"},{\"@type\":\"Organization\",\"@id\":\"https:\/\/cpgioielli.it\/en\/#organization\",\"name\":\"C.P.s.r.l.\",\"url\":\"https:\/\/cpgioielli.it\/en\/\",\"logo\":{\"@type\":\"ImageObject\",\"inLanguage\":\"en-US\",\"@id\":\"https:\/\/cpgioielli.it\/en\/#\/schema\/logo\/image\/\",\"url\":\"https:\/\/cpgioielli.it\/wp-content\/uploads\/2016\/10\/logo_CP_nero_home.jpg\",\"contentUrl\":\"https:\/\/cpgioielli.it\/wp-content\/uploads\/2016\/10\/logo_CP_nero_home.jpg\",\"width\":182,\"height\":182,\"caption\":\"C.P.s.r.l.\"},\"image\":{\"@id\":\"https:\/\/cpgioielli.it\/en\/#\/schema\/logo\/image\/\"},\"sameAs\":[\"https:\/\/www.facebook.com\/cp.srl\/\",\"https:\/\/www.instagram.com\/cpgioielli.it\/\",\"https:\/\/www.instagram.com\/adoroigioielli\/profilecard\/?igsh=MTlwYjF0Z3UwZGhycg==\",\"https:\/\/www.facebook.com\/share\/1G82VnFrvf\/?mibextid=wwXIfr\"]}]}<\/script>\n<!-- \/ Yoast SEO plugin. -->","yoast_head_json":{"title":"Anello con centrale tondo pav\u00e9 diamante in oro bianco  II misura - CP gioielli e Afrodite","robots":{"index":"index","follow":"follow","max-snippet":"max-snippet:-1","max-image-preview":"max-image-preview:large","max-video-preview":"max-video-preview:-1"},"canonical":"https:\/\/cpgioielli.it\/en\/prodotto\/anello-con-centrale-tondo-pave-diamante-in-oro-bianco-ii-misura\/","og_locale":"en_US","og_type":"article","og_title":"Anello con centrale tondo pav\u00e9 diamante in oro bianco  II misura - CP gioielli e Afrodite","og_description":"Anello pav\u00e9 brillanti per ct tot 0,15 e diamante colore G purezza Vs\/Si, g 4 oro 18 K (tit 750\/000) Anello a misura unica 14 ( EU 54- \u00d8 16 mm) , su indicazione delle note in fase di acquisto \u00e8 possibile indicare la misura corretta ed eventuale incisione . La messa a misura \u00e8 un servizio gratuito in fase di acquisto e richiede circa 7 gg lavorativi oltre alle tempistiche di normale spedizione. La messa a misura in post vendita ha un sovrapprezzo di 19\u20ac oltre al costo della spedizione. Il servizio di incisione all\u2019interno del gambo dell\u2019anello \u00e8 di \u20ac 10 ad incisione .","og_url":"https:\/\/cpgioielli.it\/en\/prodotto\/anello-con-centrale-tondo-pave-diamante-in-oro-bianco-ii-misura\/","og_site_name":"CP gioielli e Afrodite","article_publisher":"https:\/\/www.facebook.com\/cp.srl\/","article_modified_time":"2022-01-18T10:38:27+00:00","og_image":[{"width":500,"height":500,"url":"https:\/\/cpgioielli.it\/wp-content\/uploads\/2020\/06\/ANLCT02-000-1146.jpg","type":"image\/jpeg"}],"twitter_card":"summary_large_image","twitter_misc":{"Est. reading time":"1 minute"},"schema":{"@context":"https:\/\/schema.org","@graph":[{"@type":"WebPage","@id":"https:\/\/cpgioielli.it\/en\/prodotto\/anello-con-centrale-tondo-pave-diamante-in-oro-bianco-ii-misura\/","url":"https:\/\/cpgioielli.it\/en\/prodotto\/anello-con-centrale-tondo-pave-diamante-in-oro-bianco-ii-misura\/","name":"Anello con centrale tondo pav\u00e9 diamante in oro bianco II misura - CP gioielli e Afrodite","isPartOf":{"@id":"https:\/\/cpgioielli.it\/en\/#website"},"datePublished":"2020-06-11T14:10:38+00:00","dateModified":"2022-01-18T10:38:27+00:00","breadcrumb":{"@id":"https:\/\/cpgioielli.it\/en\/prodotto\/anello-con-centrale-tondo-pave-diamante-in-oro-bianco-ii-misura\/#breadcrumb"},"inLanguage":"en-US","potentialAction":[{"@type":"ReadAction","target":["https:\/\/cpgioielli.it\/en\/prodotto\/anello-con-centrale-tondo-pave-diamante-in-oro-bianco-ii-misura\/"]}]},{"@type":"BreadcrumbList","@id":"https:\/\/cpgioielli.it\/en\/prodotto\/anello-con-centrale-tondo-pave-diamante-in-oro-bianco-ii-misura\/#breadcrumb","itemListElement":[{"@type":"ListItem","position":1,"name":"Home","item":"https:\/\/cpgioielli.it\/en\/"},{"@type":"ListItem","position":2,"name":"Shop","item":"https:\/\/cpgioielli.it\/en\/shop-3\/"},{"@type":"ListItem","position":3,"name":"Anello con centrale tondo pav\u00e9 diamante in oro bianco II misura"}]},{"@type":"WebSite","@id":"https:\/\/cpgioielli.it\/en\/#website","url":"https:\/\/cpgioielli.it\/en\/","name":"CPGIOIELLI.IT VICENZA","description":"L&#039;ORIGINALIT\u00c0 DEL GIOIELLO ITALIANO","publisher":{"@id":"https:\/\/cpgioielli.it\/en\/#organization"},"potentialAction":[{"@type":"SearchAction","target":{"@type":"EntryPoint","urlTemplate":"https:\/\/cpgioielli.it\/en\/?s={search_term_string}"},"query-input":"required name=search_term_string"}],"inLanguage":"en-US"},{"@type":"Organization","@id":"https:\/\/cpgioielli.it\/en\/#organization","name":"C.P.s.r.l.","url":"https:\/\/cpgioielli.it\/en\/","logo":{"@type":"ImageObject","inLanguage":"en-US","@id":"https:\/\/cpgioielli.it\/en\/#\/schema\/logo\/image\/","url":"https:\/\/cpgioielli.it\/wp-content\/uploads\/2016\/10\/logo_CP_nero_home.jpg","contentUrl":"https:\/\/cpgioielli.it\/wp-content\/uploads\/2016\/10\/logo_CP_nero_home.jpg","width":182,"height":182,"caption":"C.P.s.r.l."},"image":{"@id":"https:\/\/cpgioielli.it\/en\/#\/schema\/logo\/image\/"},"sameAs":["https:\/\/www.facebook.com\/cp.srl\/","https:\/\/www.instagram.com\/cpgioielli.it\/","https:\/\/www.instagram.com\/adoroigioielli\/profilecard\/?igsh=MTlwYjF0Z3UwZGhycg==","https:\/\/www.facebook.com\/share\/1G82VnFrvf\/?mibextid=wwXIfr"]}]}},"_links":{"self":[{"href":"https:\/\/cpgioielli.it\/en\/wp-json\/wp\/v2\/product\/15211"}],"collection":[{"href":"https:\/\/cpgioielli.it\/en\/wp-json\/wp\/v2\/product"}],"about":[{"href":"https:\/\/cpgioielli.it\/en\/wp-json\/wp\/v2\/types\/product"}],"wp:featuredmedia":[{"embeddable":true,"href":"https:\/\/cpgioielli.it\/en\/wp-json\/wp\/v2\/media\/15216"}],"wp:attachment":[{"href":"https:\/\/cpgioielli.it\/en\/wp-json\/wp\/v2\/media?parent=15211"}],"wp:term":[{"taxonomy":"product_cat","embeddable":true,"href":"https:\/\/cpgioielli.it\/en\/wp-json\/wp\/v2\/product_cat?post=15211"},{"taxonomy":"product_tag","embeddable":true,"href":"https:\/\/cpgioielli.it\/en\/wp-json\/wp\/v2\/product_tag?post=15211"}],"curies":[{"name":"wp","href":"https:\/\/api.w.org\/{rel}","templated":true}]}}