{"id":15212,"date":"2020-06-11T16:10:38","date_gmt":"2020-06-11T14:10:38","guid":{"rendered":"https:\/\/cpgioielli.it\/?post_type=product&#038;p=15212"},"modified":"2022-01-18T11:38:28","modified_gmt":"2022-01-18T10:38:28","slug":"anello-cuore-i-misura","status":"publish","type":"product","link":"https:\/\/cpgioielli.it\/en\/prodotto\/anello-cuore-i-misura\/","title":{"rendered":"Anello cuore pi\u00f9 luce pav\u00e9 di brillanti e oro bianco"},"content":{"rendered":"<p>&nbsp;<\/p>\n<p><span lang=\"EN-GB\">+ LUCE<\/span><\/p>\n<p>&nbsp;<\/p>\n<p><span style=\"font-size: 12.0pt\">Anelllo collezione pi\u00f9 Luce, una nuvola<br \/>\ndi brillanti che sembra uno solo!<\/span><\/p>\n<p><span style=\"font-size: 12.0pt\">in oro bianco 18 k e brillanti colore<br \/>\nG e purezza VS\/SI<\/span><\/p>\n<p>&nbsp;<\/p>\n<p>Anello a misura unica 14 ( EU 54- \u00d8 16 mm) , su indicazione delle note in fase di<br \/>\nacquisto \u00e8 possibile indicare la misura corretta ed eventuale incisione .<\/p>\n<p>La messa a misura \u00e8 un servizio gratuito in fase di acquisto e richiede \u00a0circa<br \/>\n7 gg\u00a0 lavorativi oltre alle tempistiche<br \/>\ndi normale spedizione.<\/p>\n<p>La messa a misura in post vendita ha un sovrapprezzo di 19\u20ac oltre al costo<br \/>\ndella spedizione.<\/p>\n<p>Il servizio di incisione all\u2019interno del gambo dell\u2019anello \u00e8 di \u20ac<br \/>\n10 ad incisione .<\/p>\n<p>&nbsp;<\/p>\n","protected":false},"excerpt":{"rendered":"<p>anello cuore pav\u00e9 di brillanti per ct tot 0,15 di diamante colore G purezza Vs\/Si, g 3 oro 18 K (tit 750\/000)<\/p>\n<p>100 % made in Italy by CPgioielli<\/p>\n","protected":false},"featured_media":15218,"template":"","meta":{"spay_email":""},"product_cat":[276,429,253,642,245,428,259,666,273,551],"product_tag":[],"yoast_head":"<!-- This site is optimized with the Yoast SEO plugin v21.5 - https:\/\/yoast.com\/wordpress\/plugins\/seo\/ -->\n<title>Anello cuore pi\u00f9 luce pav\u00e9 di brillanti e oro bianco - CP gioielli e Afrodite<\/title>\n<meta name=\"description\" content=\"Un anello pav\u00e8 di brillanti, dove un aprticolare gioco di pietre e metallo rendono la superficie cos\u00ec luccicante da sembrare un unica pietra. Collezione pi\u00f9 luce di Afrodite by CPgioielli\" \/>\n<meta name=\"robots\" content=\"index, follow, max-snippet:-1, max-image-preview:large, max-video-preview:-1\" \/>\n<link rel=\"canonical\" href=\"https:\/\/cpgioielli.it\/en\/prodotto\/anello-cuore-i-misura\/\" \/>\n<meta property=\"og:locale\" content=\"en_US\" \/>\n<meta property=\"og:type\" content=\"article\" \/>\n<meta property=\"og:title\" content=\"Anello cuore pi\u00f9 luce pav\u00e9 di brillanti e oro bianco - CP gioielli e Afrodite\" \/>\n<meta property=\"og:description\" content=\"Un anello pav\u00e8 di brillanti, dove un aprticolare gioco di pietre e metallo rendono la superficie cos\u00ec luccicante da sembrare un unica pietra. Collezione pi\u00f9 luce di Afrodite by CPgioielli\" \/>\n<meta property=\"og:url\" content=\"https:\/\/cpgioielli.it\/en\/prodotto\/anello-cuore-i-misura\/\" \/>\n<meta property=\"og:site_name\" content=\"CP gioielli e Afrodite\" \/>\n<meta property=\"article:publisher\" content=\"https:\/\/www.facebook.com\/cp.srl\/\" \/>\n<meta property=\"article:modified_time\" content=\"2022-01-18T10:38:28+00:00\" \/>\n<meta property=\"og:image\" content=\"https:\/\/cpgioielli.it\/wp-content\/uploads\/2020\/06\/ANLCCR1-000-1160.jpg\" \/>\n\t<meta property=\"og:image:width\" content=\"500\" \/>\n\t<meta property=\"og:image:height\" content=\"500\" \/>\n\t<meta property=\"og:image:type\" content=\"image\/jpeg\" \/>\n<meta name=\"twitter:card\" content=\"summary_large_image\" \/>\n<meta name=\"twitter:label1\" content=\"Est. reading time\" \/>\n\t<meta name=\"twitter:data1\" content=\"1 minute\" \/>\n<script type=\"application\/ld+json\" class=\"yoast-schema-graph\">{\"@context\":\"https:\/\/schema.org\",\"@graph\":[{\"@type\":\"WebPage\",\"@id\":\"https:\/\/cpgioielli.it\/en\/prodotto\/anello-cuore-i-misura\/\",\"url\":\"https:\/\/cpgioielli.it\/en\/prodotto\/anello-cuore-i-misura\/\",\"name\":\"Anello cuore pi\u00f9 luce pav\u00e9 di brillanti e oro bianco - CP gioielli e Afrodite\",\"isPartOf\":{\"@id\":\"https:\/\/cpgioielli.it\/en\/#website\"},\"datePublished\":\"2020-06-11T14:10:38+00:00\",\"dateModified\":\"2022-01-18T10:38:28+00:00\",\"description\":\"Un anello pav\u00e8 di brillanti, dove un aprticolare gioco di pietre e metallo rendono la superficie cos\u00ec luccicante da sembrare un unica pietra. Collezione pi\u00f9 luce di Afrodite by CPgioielli\",\"breadcrumb\":{\"@id\":\"https:\/\/cpgioielli.it\/en\/prodotto\/anello-cuore-i-misura\/#breadcrumb\"},\"inLanguage\":\"en-US\",\"potentialAction\":[{\"@type\":\"ReadAction\",\"target\":[\"https:\/\/cpgioielli.it\/en\/prodotto\/anello-cuore-i-misura\/\"]}]},{\"@type\":\"BreadcrumbList\",\"@id\":\"https:\/\/cpgioielli.it\/en\/prodotto\/anello-cuore-i-misura\/#breadcrumb\",\"itemListElement\":[{\"@type\":\"ListItem\",\"position\":1,\"name\":\"Home\",\"item\":\"https:\/\/cpgioielli.it\/en\/\"},{\"@type\":\"ListItem\",\"position\":2,\"name\":\"Shop\",\"item\":\"https:\/\/cpgioielli.it\/en\/shop-3\/\"},{\"@type\":\"ListItem\",\"position\":3,\"name\":\"Anello cuore pi\u00f9 luce pav\u00e9 di brillanti e oro bianco\"}]},{\"@type\":\"WebSite\",\"@id\":\"https:\/\/cpgioielli.it\/en\/#website\",\"url\":\"https:\/\/cpgioielli.it\/en\/\",\"name\":\"CPGIOIELLI.IT VICENZA\",\"description\":\"L&#039;ORIGINALIT\u00c0 DEL GIOIELLO ITALIANO\",\"publisher\":{\"@id\":\"https:\/\/cpgioielli.it\/en\/#organization\"},\"potentialAction\":[{\"@type\":\"SearchAction\",\"target\":{\"@type\":\"EntryPoint\",\"urlTemplate\":\"https:\/\/cpgioielli.it\/en\/?s={search_term_string}\"},\"query-input\":\"required name=search_term_string\"}],\"inLanguage\":\"en-US\"},{\"@type\":\"Organization\",\"@id\":\"https:\/\/cpgioielli.it\/en\/#organization\",\"name\":\"C.P.s.r.l.\",\"url\":\"https:\/\/cpgioielli.it\/en\/\",\"logo\":{\"@type\":\"ImageObject\",\"inLanguage\":\"en-US\",\"@id\":\"https:\/\/cpgioielli.it\/en\/#\/schema\/logo\/image\/\",\"url\":\"https:\/\/cpgioielli.it\/wp-content\/uploads\/2016\/10\/logo_CP_nero_home.jpg\",\"contentUrl\":\"https:\/\/cpgioielli.it\/wp-content\/uploads\/2016\/10\/logo_CP_nero_home.jpg\",\"width\":182,\"height\":182,\"caption\":\"C.P.s.r.l.\"},\"image\":{\"@id\":\"https:\/\/cpgioielli.it\/en\/#\/schema\/logo\/image\/\"},\"sameAs\":[\"https:\/\/www.facebook.com\/cp.srl\/\",\"https:\/\/www.instagram.com\/cpgioielli.it\/\",\"https:\/\/www.instagram.com\/adoroigioielli\/profilecard\/?igsh=MTlwYjF0Z3UwZGhycg==\",\"https:\/\/www.facebook.com\/share\/1G82VnFrvf\/?mibextid=wwXIfr\"]}]}<\/script>\n<!-- \/ Yoast SEO plugin. -->","yoast_head_json":{"title":"Anello cuore pi\u00f9 luce pav\u00e9 di brillanti e oro bianco - CP gioielli e Afrodite","description":"Un anello pav\u00e8 di brillanti, dove un aprticolare gioco di pietre e metallo rendono la superficie cos\u00ec luccicante da sembrare un unica pietra. Collezione pi\u00f9 luce di Afrodite by CPgioielli","robots":{"index":"index","follow":"follow","max-snippet":"max-snippet:-1","max-image-preview":"max-image-preview:large","max-video-preview":"max-video-preview:-1"},"canonical":"https:\/\/cpgioielli.it\/en\/prodotto\/anello-cuore-i-misura\/","og_locale":"en_US","og_type":"article","og_title":"Anello cuore pi\u00f9 luce pav\u00e9 di brillanti e oro bianco - CP gioielli e Afrodite","og_description":"Un anello pav\u00e8 di brillanti, dove un aprticolare gioco di pietre e metallo rendono la superficie cos\u00ec luccicante da sembrare un unica pietra. Collezione pi\u00f9 luce di Afrodite by CPgioielli","og_url":"https:\/\/cpgioielli.it\/en\/prodotto\/anello-cuore-i-misura\/","og_site_name":"CP gioielli e Afrodite","article_publisher":"https:\/\/www.facebook.com\/cp.srl\/","article_modified_time":"2022-01-18T10:38:28+00:00","og_image":[{"width":500,"height":500,"url":"https:\/\/cpgioielli.it\/wp-content\/uploads\/2020\/06\/ANLCCR1-000-1160.jpg","type":"image\/jpeg"}],"twitter_card":"summary_large_image","twitter_misc":{"Est. reading time":"1 minute"},"schema":{"@context":"https:\/\/schema.org","@graph":[{"@type":"WebPage","@id":"https:\/\/cpgioielli.it\/en\/prodotto\/anello-cuore-i-misura\/","url":"https:\/\/cpgioielli.it\/en\/prodotto\/anello-cuore-i-misura\/","name":"Anello cuore pi\u00f9 luce pav\u00e9 di brillanti e oro bianco - CP gioielli e Afrodite","isPartOf":{"@id":"https:\/\/cpgioielli.it\/en\/#website"},"datePublished":"2020-06-11T14:10:38+00:00","dateModified":"2022-01-18T10:38:28+00:00","description":"Un anello pav\u00e8 di brillanti, dove un aprticolare gioco di pietre e metallo rendono la superficie cos\u00ec luccicante da sembrare un unica pietra. Collezione pi\u00f9 luce di Afrodite by CPgioielli","breadcrumb":{"@id":"https:\/\/cpgioielli.it\/en\/prodotto\/anello-cuore-i-misura\/#breadcrumb"},"inLanguage":"en-US","potentialAction":[{"@type":"ReadAction","target":["https:\/\/cpgioielli.it\/en\/prodotto\/anello-cuore-i-misura\/"]}]},{"@type":"BreadcrumbList","@id":"https:\/\/cpgioielli.it\/en\/prodotto\/anello-cuore-i-misura\/#breadcrumb","itemListElement":[{"@type":"ListItem","position":1,"name":"Home","item":"https:\/\/cpgioielli.it\/en\/"},{"@type":"ListItem","position":2,"name":"Shop","item":"https:\/\/cpgioielli.it\/en\/shop-3\/"},{"@type":"ListItem","position":3,"name":"Anello cuore pi\u00f9 luce pav\u00e9 di brillanti e oro bianco"}]},{"@type":"WebSite","@id":"https:\/\/cpgioielli.it\/en\/#website","url":"https:\/\/cpgioielli.it\/en\/","name":"CPGIOIELLI.IT VICENZA","description":"L&#039;ORIGINALIT\u00c0 DEL GIOIELLO ITALIANO","publisher":{"@id":"https:\/\/cpgioielli.it\/en\/#organization"},"potentialAction":[{"@type":"SearchAction","target":{"@type":"EntryPoint","urlTemplate":"https:\/\/cpgioielli.it\/en\/?s={search_term_string}"},"query-input":"required name=search_term_string"}],"inLanguage":"en-US"},{"@type":"Organization","@id":"https:\/\/cpgioielli.it\/en\/#organization","name":"C.P.s.r.l.","url":"https:\/\/cpgioielli.it\/en\/","logo":{"@type":"ImageObject","inLanguage":"en-US","@id":"https:\/\/cpgioielli.it\/en\/#\/schema\/logo\/image\/","url":"https:\/\/cpgioielli.it\/wp-content\/uploads\/2016\/10\/logo_CP_nero_home.jpg","contentUrl":"https:\/\/cpgioielli.it\/wp-content\/uploads\/2016\/10\/logo_CP_nero_home.jpg","width":182,"height":182,"caption":"C.P.s.r.l."},"image":{"@id":"https:\/\/cpgioielli.it\/en\/#\/schema\/logo\/image\/"},"sameAs":["https:\/\/www.facebook.com\/cp.srl\/","https:\/\/www.instagram.com\/cpgioielli.it\/","https:\/\/www.instagram.com\/adoroigioielli\/profilecard\/?igsh=MTlwYjF0Z3UwZGhycg==","https:\/\/www.facebook.com\/share\/1G82VnFrvf\/?mibextid=wwXIfr"]}]}},"_links":{"self":[{"href":"https:\/\/cpgioielli.it\/en\/wp-json\/wp\/v2\/product\/15212"}],"collection":[{"href":"https:\/\/cpgioielli.it\/en\/wp-json\/wp\/v2\/product"}],"about":[{"href":"https:\/\/cpgioielli.it\/en\/wp-json\/wp\/v2\/types\/product"}],"wp:featuredmedia":[{"embeddable":true,"href":"https:\/\/cpgioielli.it\/en\/wp-json\/wp\/v2\/media\/15218"}],"wp:attachment":[{"href":"https:\/\/cpgioielli.it\/en\/wp-json\/wp\/v2\/media?parent=15212"}],"wp:term":[{"taxonomy":"product_cat","embeddable":true,"href":"https:\/\/cpgioielli.it\/en\/wp-json\/wp\/v2\/product_cat?post=15212"},{"taxonomy":"product_tag","embeddable":true,"href":"https:\/\/cpgioielli.it\/en\/wp-json\/wp\/v2\/product_tag?post=15212"}],"curies":[{"name":"wp","href":"https:\/\/api.w.org\/{rel}","templated":true}]}}