{"id":358560,"date":"2025-04-24T09:51:39","date_gmt":"2025-04-24T07:51:39","guid":{"rendered":"https:\/\/cpgioielli.it\/?post_type=product&#038;p=358560"},"modified":"2026-03-02T11:12:33","modified_gmt":"2026-03-02T10:12:33","slug":"anello-trilogy-in-oro-bianco-e-diamanti-taglio-brillante-per-cta-045-totali","status":"publish","type":"product","link":"https:\/\/cpgioielli.it\/en\/prodotto\/anello-trilogy-in-oro-bianco-e-diamanti-taglio-brillante-per-cta-045-totali\/","title":{"rendered":"Anello trilogy in oro bianco e diamanti taglio brillante per cta 0,45  totali"},"content":{"rendered":"<p class=\"\" data-end=\"363\" data-start=\"56\">L\u2019eleganza senza tempo si racchiude in questo splendido <strong data-end=\"155\" data-start=\"112\">anello trilogy in oro bianco e diamanti<\/strong>, un simbolo d\u2019amore e di eternit\u00e0. Tre diamanti, dal taglio brillante e dalla luce intensa, si uniscono in un perfetto equilibrio, rappresentando il passato, il presente e il futuro di una storia preziosa.<\/p>\n<p class=\"\" data-end=\"674\" data-start=\"365\">L\u2019oro bianco 18kt dona al gioiello una luminosit\u00e0 raffinata, esaltando la purezza delle pietre e conferendo un tocco di classe senza tempo. Con un totale di <strong data-end=\"537\" data-start=\"522\">0,45 carati<\/strong>, i diamanti brillano con straordinaria intensit\u00e0, catturando ogni raggio di luce e riflettendolo in un gioco di bagliori scintillanti.<\/p>\n<p class=\"\" data-end=\"881\" data-start=\"676\">Perfetto per celebrare un amore che cresce giorno dopo giorno, un anniversario speciale o un momento da ricordare, questo anello \u00e8 pi\u00f9 di un gioiello: \u00e8 una promessa, un\u2019emozione da indossare per sempre.<\/p>\n<p class=\"\" data-end=\"1130\" data-start=\"883\">Ogni dettaglio \u00e8 curato con la massima attenzione per garantire qualit\u00e0, eleganza e comfort. Il tutto viene accompagnato da un\u2019elegante confezione regalo e da un <strong data-end=\"1075\" data-start=\"1045\">certificato di autenticit\u00e0<\/strong>, per offrirti un\u2019esperienza unica e indimenticabile.<\/p>\n<p class=\"\" data-end=\"1233\" data-start=\"1132\">Lasciati conquistare dalla bellezza e dal significato di un anello che parla direttamente al cuore.<\/p>\n<p>&nbsp;<\/p>\n","protected":false},"excerpt":{"rendered":"<p>anello trilogy 4 griffe filo ct 0,45 diamante bianco colore G purezza Vs\/Si g 3,0 oro 18 K (tit 750\/000)<\/p>\n","protected":false},"featured_media":358758,"template":"","meta":{"spay_email":""},"product_cat":[243],"product_tag":[971],"yoast_head":"<!-- This site is optimized with the Yoast SEO plugin v21.5 - https:\/\/yoast.com\/wordpress\/plugins\/seo\/ -->\n<title>Anello trilogy in oro bianco e diamanti taglio brillante per cta 0,45 totali - CP gioielli e Afrodite<\/title>\n<meta name=\"robots\" content=\"index, follow, max-snippet:-1, max-image-preview:large, max-video-preview:-1\" \/>\n<link rel=\"canonical\" href=\"https:\/\/cpgioielli.it\/en\/prodotto\/anello-trilogy-in-oro-bianco-e-diamanti-taglio-brillante-per-cta-045-totali\/\" \/>\n<meta property=\"og:locale\" content=\"en_US\" \/>\n<meta property=\"og:type\" content=\"article\" \/>\n<meta property=\"og:title\" content=\"Anello trilogy in oro bianco e diamanti taglio brillante per cta 0,45 totali - CP gioielli e Afrodite\" \/>\n<meta property=\"og:description\" content=\"anello trilogy 4 griffe filo ct 0,45 diamante bianco colore G purezza Vs\/Si g 3,0 oro 18 K (tit 750\/000)\" \/>\n<meta property=\"og:url\" content=\"https:\/\/cpgioielli.it\/en\/prodotto\/anello-trilogy-in-oro-bianco-e-diamanti-taglio-brillante-per-cta-045-totali\/\" \/>\n<meta property=\"og:site_name\" content=\"CP gioielli e Afrodite\" \/>\n<meta property=\"article:publisher\" content=\"https:\/\/www.facebook.com\/cp.srl\/\" \/>\n<meta property=\"article:modified_time\" content=\"2026-03-02T10:12:33+00:00\" \/>\n<meta property=\"og:image\" content=\"https:\/\/cpgioielli.it\/wp-content\/uploads\/2025\/04\/ATL4GFBB045-000-2193.jpg\" \/>\n\t<meta property=\"og:image:width\" content=\"600\" \/>\n\t<meta property=\"og:image:height\" content=\"600\" \/>\n\t<meta property=\"og:image:type\" content=\"image\/jpeg\" \/>\n<meta name=\"twitter:card\" content=\"summary_large_image\" \/>\n<meta name=\"twitter:label1\" content=\"Est. reading time\" \/>\n\t<meta name=\"twitter:data1\" content=\"1 minute\" \/>\n<script type=\"application\/ld+json\" class=\"yoast-schema-graph\">{\"@context\":\"https:\/\/schema.org\",\"@graph\":[{\"@type\":\"WebPage\",\"@id\":\"https:\/\/cpgioielli.it\/en\/prodotto\/anello-trilogy-in-oro-bianco-e-diamanti-taglio-brillante-per-cta-045-totali\/\",\"url\":\"https:\/\/cpgioielli.it\/en\/prodotto\/anello-trilogy-in-oro-bianco-e-diamanti-taglio-brillante-per-cta-045-totali\/\",\"name\":\"Anello trilogy in oro bianco e diamanti taglio brillante per cta 0,45 totali - CP gioielli e Afrodite\",\"isPartOf\":{\"@id\":\"https:\/\/cpgioielli.it\/en\/#website\"},\"datePublished\":\"2025-04-24T07:51:39+00:00\",\"dateModified\":\"2026-03-02T10:12:33+00:00\",\"breadcrumb\":{\"@id\":\"https:\/\/cpgioielli.it\/en\/prodotto\/anello-trilogy-in-oro-bianco-e-diamanti-taglio-brillante-per-cta-045-totali\/#breadcrumb\"},\"inLanguage\":\"en-US\",\"potentialAction\":[{\"@type\":\"ReadAction\",\"target\":[\"https:\/\/cpgioielli.it\/en\/prodotto\/anello-trilogy-in-oro-bianco-e-diamanti-taglio-brillante-per-cta-045-totali\/\"]}]},{\"@type\":\"BreadcrumbList\",\"@id\":\"https:\/\/cpgioielli.it\/en\/prodotto\/anello-trilogy-in-oro-bianco-e-diamanti-taglio-brillante-per-cta-045-totali\/#breadcrumb\",\"itemListElement\":[{\"@type\":\"ListItem\",\"position\":1,\"name\":\"Home\",\"item\":\"https:\/\/cpgioielli.it\/en\/\"},{\"@type\":\"ListItem\",\"position\":2,\"name\":\"Shop\",\"item\":\"https:\/\/cpgioielli.it\/en\/shop-3\/\"},{\"@type\":\"ListItem\",\"position\":3,\"name\":\"Anello trilogy in oro bianco e diamanti taglio brillante per cta 0,45 totali\"}]},{\"@type\":\"WebSite\",\"@id\":\"https:\/\/cpgioielli.it\/en\/#website\",\"url\":\"https:\/\/cpgioielli.it\/en\/\",\"name\":\"CPGIOIELLI.IT VICENZA\",\"description\":\"L&#039;ORIGINALIT\u00c0 DEL GIOIELLO ITALIANO\",\"publisher\":{\"@id\":\"https:\/\/cpgioielli.it\/en\/#organization\"},\"potentialAction\":[{\"@type\":\"SearchAction\",\"target\":{\"@type\":\"EntryPoint\",\"urlTemplate\":\"https:\/\/cpgioielli.it\/en\/?s={search_term_string}\"},\"query-input\":\"required name=search_term_string\"}],\"inLanguage\":\"en-US\"},{\"@type\":\"Organization\",\"@id\":\"https:\/\/cpgioielli.it\/en\/#organization\",\"name\":\"C.P.s.r.l.\",\"url\":\"https:\/\/cpgioielli.it\/en\/\",\"logo\":{\"@type\":\"ImageObject\",\"inLanguage\":\"en-US\",\"@id\":\"https:\/\/cpgioielli.it\/en\/#\/schema\/logo\/image\/\",\"url\":\"https:\/\/cpgioielli.it\/wp-content\/uploads\/2016\/10\/logo_CP_nero_home.jpg\",\"contentUrl\":\"https:\/\/cpgioielli.it\/wp-content\/uploads\/2016\/10\/logo_CP_nero_home.jpg\",\"width\":182,\"height\":182,\"caption\":\"C.P.s.r.l.\"},\"image\":{\"@id\":\"https:\/\/cpgioielli.it\/en\/#\/schema\/logo\/image\/\"},\"sameAs\":[\"https:\/\/www.facebook.com\/cp.srl\/\",\"https:\/\/www.instagram.com\/cpgioielli.it\/\",\"https:\/\/www.instagram.com\/adoroigioielli\/profilecard\/?igsh=MTlwYjF0Z3UwZGhycg==\",\"https:\/\/www.facebook.com\/share\/1G82VnFrvf\/?mibextid=wwXIfr\"]}]}<\/script>\n<!-- \/ Yoast SEO plugin. -->","yoast_head_json":{"title":"Anello trilogy in oro bianco e diamanti taglio brillante per cta 0,45 totali - CP gioielli e Afrodite","robots":{"index":"index","follow":"follow","max-snippet":"max-snippet:-1","max-image-preview":"max-image-preview:large","max-video-preview":"max-video-preview:-1"},"canonical":"https:\/\/cpgioielli.it\/en\/prodotto\/anello-trilogy-in-oro-bianco-e-diamanti-taglio-brillante-per-cta-045-totali\/","og_locale":"en_US","og_type":"article","og_title":"Anello trilogy in oro bianco e diamanti taglio brillante per cta 0,45 totali - CP gioielli e Afrodite","og_description":"anello trilogy 4 griffe filo ct 0,45 diamante bianco colore G purezza Vs\/Si g 3,0 oro 18 K (tit 750\/000)","og_url":"https:\/\/cpgioielli.it\/en\/prodotto\/anello-trilogy-in-oro-bianco-e-diamanti-taglio-brillante-per-cta-045-totali\/","og_site_name":"CP gioielli e Afrodite","article_publisher":"https:\/\/www.facebook.com\/cp.srl\/","article_modified_time":"2026-03-02T10:12:33+00:00","og_image":[{"width":600,"height":600,"url":"https:\/\/cpgioielli.it\/wp-content\/uploads\/2025\/04\/ATL4GFBB045-000-2193.jpg","type":"image\/jpeg"}],"twitter_card":"summary_large_image","twitter_misc":{"Est. reading time":"1 minute"},"schema":{"@context":"https:\/\/schema.org","@graph":[{"@type":"WebPage","@id":"https:\/\/cpgioielli.it\/en\/prodotto\/anello-trilogy-in-oro-bianco-e-diamanti-taglio-brillante-per-cta-045-totali\/","url":"https:\/\/cpgioielli.it\/en\/prodotto\/anello-trilogy-in-oro-bianco-e-diamanti-taglio-brillante-per-cta-045-totali\/","name":"Anello trilogy in oro bianco e diamanti taglio brillante per cta 0,45 totali - CP gioielli e Afrodite","isPartOf":{"@id":"https:\/\/cpgioielli.it\/en\/#website"},"datePublished":"2025-04-24T07:51:39+00:00","dateModified":"2026-03-02T10:12:33+00:00","breadcrumb":{"@id":"https:\/\/cpgioielli.it\/en\/prodotto\/anello-trilogy-in-oro-bianco-e-diamanti-taglio-brillante-per-cta-045-totali\/#breadcrumb"},"inLanguage":"en-US","potentialAction":[{"@type":"ReadAction","target":["https:\/\/cpgioielli.it\/en\/prodotto\/anello-trilogy-in-oro-bianco-e-diamanti-taglio-brillante-per-cta-045-totali\/"]}]},{"@type":"BreadcrumbList","@id":"https:\/\/cpgioielli.it\/en\/prodotto\/anello-trilogy-in-oro-bianco-e-diamanti-taglio-brillante-per-cta-045-totali\/#breadcrumb","itemListElement":[{"@type":"ListItem","position":1,"name":"Home","item":"https:\/\/cpgioielli.it\/en\/"},{"@type":"ListItem","position":2,"name":"Shop","item":"https:\/\/cpgioielli.it\/en\/shop-3\/"},{"@type":"ListItem","position":3,"name":"Anello trilogy in oro bianco e diamanti taglio brillante per cta 0,45 totali"}]},{"@type":"WebSite","@id":"https:\/\/cpgioielli.it\/en\/#website","url":"https:\/\/cpgioielli.it\/en\/","name":"CPGIOIELLI.IT VICENZA","description":"L&#039;ORIGINALIT\u00c0 DEL GIOIELLO ITALIANO","publisher":{"@id":"https:\/\/cpgioielli.it\/en\/#organization"},"potentialAction":[{"@type":"SearchAction","target":{"@type":"EntryPoint","urlTemplate":"https:\/\/cpgioielli.it\/en\/?s={search_term_string}"},"query-input":"required name=search_term_string"}],"inLanguage":"en-US"},{"@type":"Organization","@id":"https:\/\/cpgioielli.it\/en\/#organization","name":"C.P.s.r.l.","url":"https:\/\/cpgioielli.it\/en\/","logo":{"@type":"ImageObject","inLanguage":"en-US","@id":"https:\/\/cpgioielli.it\/en\/#\/schema\/logo\/image\/","url":"https:\/\/cpgioielli.it\/wp-content\/uploads\/2016\/10\/logo_CP_nero_home.jpg","contentUrl":"https:\/\/cpgioielli.it\/wp-content\/uploads\/2016\/10\/logo_CP_nero_home.jpg","width":182,"height":182,"caption":"C.P.s.r.l."},"image":{"@id":"https:\/\/cpgioielli.it\/en\/#\/schema\/logo\/image\/"},"sameAs":["https:\/\/www.facebook.com\/cp.srl\/","https:\/\/www.instagram.com\/cpgioielli.it\/","https:\/\/www.instagram.com\/adoroigioielli\/profilecard\/?igsh=MTlwYjF0Z3UwZGhycg==","https:\/\/www.facebook.com\/share\/1G82VnFrvf\/?mibextid=wwXIfr"]}]}},"_links":{"self":[{"href":"https:\/\/cpgioielli.it\/en\/wp-json\/wp\/v2\/product\/358560"}],"collection":[{"href":"https:\/\/cpgioielli.it\/en\/wp-json\/wp\/v2\/product"}],"about":[{"href":"https:\/\/cpgioielli.it\/en\/wp-json\/wp\/v2\/types\/product"}],"wp:featuredmedia":[{"embeddable":true,"href":"https:\/\/cpgioielli.it\/en\/wp-json\/wp\/v2\/media\/358758"}],"wp:attachment":[{"href":"https:\/\/cpgioielli.it\/en\/wp-json\/wp\/v2\/media?parent=358560"}],"wp:term":[{"taxonomy":"product_cat","embeddable":true,"href":"https:\/\/cpgioielli.it\/en\/wp-json\/wp\/v2\/product_cat?post=358560"},{"taxonomy":"product_tag","embeddable":true,"href":"https:\/\/cpgioielli.it\/en\/wp-json\/wp\/v2\/product_tag?post=358560"}],"curies":[{"name":"wp","href":"https:\/\/api.w.org\/{rel}","templated":true}]}}