{"id":361493,"date":"2026-03-30T19:43:28","date_gmt":"2026-03-30T17:43:28","guid":{"rendered":"https:\/\/cpgioielli.it\/?post_type=product&#038;p=361493"},"modified":"2026-03-30T19:43:28","modified_gmt":"2026-03-30T17:43:28","slug":"bracciale-tennis-in-oro-9k-e-diamanti-lab-grown-da-8-punti-per-tot-ct-520","status":"publish","type":"product","link":"https:\/\/cpgioielli.it\/en\/prodotto\/bracciale-tennis-in-oro-9k-e-diamanti-lab-grown-da-8-punti-per-tot-ct-520\/","title":{"rendered":"bracciale tennis  in oro 9k e diamanti lab grown da 8 punti per tot ct 5,20"},"content":{"rendered":"<p data-end=\"132\" data-start=\"0\">Bracciale tennis realizzato in oro 9 carati con diamanti lab grown, caratterizzato da una linea continua di luce elegante e moderna.<\/p>\n<p data-end=\"373\" data-start=\"134\">Un gioiello dal design essenziale che valorizza ogni dettaglio, pensato per essere indossato ogni giorno con stile e versatilit\u00e0. La scelta dei diamanti creati in laboratorio permette di unire brillantezza, contemporaneit\u00e0 e accessibilit\u00e0.<\/p>\n<p data-end=\"468\" data-start=\"375\">Equilibrio perfetto tra estetica e valore, senza rinunciare alla qualit\u00e0 e alla raffinatezza.<\/p>\n<p data-end=\"555\" data-is-last-node=\"\" data-is-only-node=\"\" data-start=\"470\">Realizzato a Vicenza da CP Gioielli, espressione di autentica artigianalit\u00e0 italiana<\/p>\n<p>&nbsp;<\/p>\n","protected":false},"excerpt":{"rendered":"<p>bracciale tennis oro bianco e brillanti di laboratorio per ct tot 5,2 da 6 punti  di diamante colore F purezza VVS  g 8 oro 9 K (tit 375\/000)<\/p>\n","protected":false},"featured_media":361506,"template":"","meta":{"spay_email":""},"product_cat":[271,252,998,281,642,245,279,268,284,668,282,259,267,1005,1057,315],"product_tag":[1468,1467,971,1036,1037,837,907,1155,1466,303,481,963,964,564,1220,965,181,1419,918,213,1469],"yoast_head":"<!-- This site is optimized with the Yoast SEO plugin v21.5 - https:\/\/yoast.com\/wordpress\/plugins\/seo\/ -->\n<title>bracciale tennis in oro 9k e diamanti lab grown da 8 punti per tot ct 5,20 - CP gioielli e Afrodite<\/title>\n<meta name=\"robots\" content=\"index, follow, max-snippet:-1, max-image-preview:large, max-video-preview:-1\" \/>\n<link rel=\"canonical\" href=\"https:\/\/cpgioielli.it\/en\/prodotto\/bracciale-tennis-in-oro-9k-e-diamanti-lab-grown-da-8-punti-per-tot-ct-520\/\" \/>\n<meta property=\"og:locale\" content=\"en_US\" \/>\n<meta property=\"og:type\" content=\"article\" \/>\n<meta property=\"og:title\" content=\"bracciale tennis in oro 9k e diamanti lab grown da 8 punti per tot ct 5,20 - CP gioielli e Afrodite\" \/>\n<meta property=\"og:description\" content=\"bracciale tennis oro bianco e brillanti di laboratorio per ct tot 5,2 da 6 punti di diamante colore F purezza VVS g 8 oro 9 K (tit 375\/000)\" \/>\n<meta property=\"og:url\" content=\"https:\/\/cpgioielli.it\/en\/prodotto\/bracciale-tennis-in-oro-9k-e-diamanti-lab-grown-da-8-punti-per-tot-ct-520\/\" \/>\n<meta property=\"og:site_name\" content=\"CP gioielli e Afrodite\" \/>\n<meta property=\"article:publisher\" content=\"https:\/\/www.facebook.com\/cp.srl\/\" \/>\n<meta property=\"og:image\" content=\"https:\/\/cpgioielli.it\/wp-content\/uploads\/2026\/03\/BRTN275G-BL520-9k-000-2235.jpg\" \/>\n\t<meta property=\"og:image:width\" content=\"600\" \/>\n\t<meta property=\"og:image:height\" content=\"600\" \/>\n\t<meta property=\"og:image:type\" content=\"image\/jpeg\" \/>\n<meta name=\"twitter:card\" content=\"summary_large_image\" \/>\n<script type=\"application\/ld+json\" class=\"yoast-schema-graph\">{\"@context\":\"https:\/\/schema.org\",\"@graph\":[{\"@type\":\"WebPage\",\"@id\":\"https:\/\/cpgioielli.it\/en\/prodotto\/bracciale-tennis-in-oro-9k-e-diamanti-lab-grown-da-8-punti-per-tot-ct-520\/\",\"url\":\"https:\/\/cpgioielli.it\/en\/prodotto\/bracciale-tennis-in-oro-9k-e-diamanti-lab-grown-da-8-punti-per-tot-ct-520\/\",\"name\":\"bracciale tennis in oro 9k e diamanti lab grown da 8 punti per tot ct 5,20 - CP gioielli e Afrodite\",\"isPartOf\":{\"@id\":\"https:\/\/cpgioielli.it\/en\/#website\"},\"datePublished\":\"2026-03-30T17:43:28+00:00\",\"dateModified\":\"2026-03-30T17:43:28+00:00\",\"breadcrumb\":{\"@id\":\"https:\/\/cpgioielli.it\/en\/prodotto\/bracciale-tennis-in-oro-9k-e-diamanti-lab-grown-da-8-punti-per-tot-ct-520\/#breadcrumb\"},\"inLanguage\":\"en-US\",\"potentialAction\":[{\"@type\":\"ReadAction\",\"target\":[\"https:\/\/cpgioielli.it\/en\/prodotto\/bracciale-tennis-in-oro-9k-e-diamanti-lab-grown-da-8-punti-per-tot-ct-520\/\"]}]},{\"@type\":\"BreadcrumbList\",\"@id\":\"https:\/\/cpgioielli.it\/en\/prodotto\/bracciale-tennis-in-oro-9k-e-diamanti-lab-grown-da-8-punti-per-tot-ct-520\/#breadcrumb\",\"itemListElement\":[{\"@type\":\"ListItem\",\"position\":1,\"name\":\"Home\",\"item\":\"https:\/\/cpgioielli.it\/en\/\"},{\"@type\":\"ListItem\",\"position\":2,\"name\":\"Shop\",\"item\":\"https:\/\/cpgioielli.it\/en\/shop-3\/\"},{\"@type\":\"ListItem\",\"position\":3,\"name\":\"bracciale tennis in oro 9k e diamanti lab grown da 8 punti per tot ct 5,20\"}]},{\"@type\":\"WebSite\",\"@id\":\"https:\/\/cpgioielli.it\/en\/#website\",\"url\":\"https:\/\/cpgioielli.it\/en\/\",\"name\":\"CPGIOIELLI.IT VICENZA\",\"description\":\"L&#039;ORIGINALIT\u00c0 DEL GIOIELLO ITALIANO\",\"publisher\":{\"@id\":\"https:\/\/cpgioielli.it\/en\/#organization\"},\"potentialAction\":[{\"@type\":\"SearchAction\",\"target\":{\"@type\":\"EntryPoint\",\"urlTemplate\":\"https:\/\/cpgioielli.it\/en\/?s={search_term_string}\"},\"query-input\":\"required name=search_term_string\"}],\"inLanguage\":\"en-US\"},{\"@type\":\"Organization\",\"@id\":\"https:\/\/cpgioielli.it\/en\/#organization\",\"name\":\"C.P.s.r.l.\",\"url\":\"https:\/\/cpgioielli.it\/en\/\",\"logo\":{\"@type\":\"ImageObject\",\"inLanguage\":\"en-US\",\"@id\":\"https:\/\/cpgioielli.it\/en\/#\/schema\/logo\/image\/\",\"url\":\"https:\/\/cpgioielli.it\/wp-content\/uploads\/2016\/10\/logo_CP_nero_home.jpg\",\"contentUrl\":\"https:\/\/cpgioielli.it\/wp-content\/uploads\/2016\/10\/logo_CP_nero_home.jpg\",\"width\":182,\"height\":182,\"caption\":\"C.P.s.r.l.\"},\"image\":{\"@id\":\"https:\/\/cpgioielli.it\/en\/#\/schema\/logo\/image\/\"},\"sameAs\":[\"https:\/\/www.facebook.com\/cp.srl\/\",\"https:\/\/www.instagram.com\/cpgioielli.it\/\",\"https:\/\/www.instagram.com\/adoroigioielli\/profilecard\/?igsh=MTlwYjF0Z3UwZGhycg==\",\"https:\/\/www.facebook.com\/share\/1G82VnFrvf\/?mibextid=wwXIfr\"]}]}<\/script>\n<!-- \/ Yoast SEO plugin. -->","yoast_head_json":{"title":"bracciale tennis in oro 9k e diamanti lab grown da 8 punti per tot ct 5,20 - CP gioielli e Afrodite","robots":{"index":"index","follow":"follow","max-snippet":"max-snippet:-1","max-image-preview":"max-image-preview:large","max-video-preview":"max-video-preview:-1"},"canonical":"https:\/\/cpgioielli.it\/en\/prodotto\/bracciale-tennis-in-oro-9k-e-diamanti-lab-grown-da-8-punti-per-tot-ct-520\/","og_locale":"en_US","og_type":"article","og_title":"bracciale tennis in oro 9k e diamanti lab grown da 8 punti per tot ct 5,20 - CP gioielli e Afrodite","og_description":"bracciale tennis oro bianco e brillanti di laboratorio per ct tot 5,2 da 6 punti di diamante colore F purezza VVS g 8 oro 9 K (tit 375\/000)","og_url":"https:\/\/cpgioielli.it\/en\/prodotto\/bracciale-tennis-in-oro-9k-e-diamanti-lab-grown-da-8-punti-per-tot-ct-520\/","og_site_name":"CP gioielli e Afrodite","article_publisher":"https:\/\/www.facebook.com\/cp.srl\/","og_image":[{"width":600,"height":600,"url":"https:\/\/cpgioielli.it\/wp-content\/uploads\/2026\/03\/BRTN275G-BL520-9k-000-2235.jpg","type":"image\/jpeg"}],"twitter_card":"summary_large_image","schema":{"@context":"https:\/\/schema.org","@graph":[{"@type":"WebPage","@id":"https:\/\/cpgioielli.it\/en\/prodotto\/bracciale-tennis-in-oro-9k-e-diamanti-lab-grown-da-8-punti-per-tot-ct-520\/","url":"https:\/\/cpgioielli.it\/en\/prodotto\/bracciale-tennis-in-oro-9k-e-diamanti-lab-grown-da-8-punti-per-tot-ct-520\/","name":"bracciale tennis in oro 9k e diamanti lab grown da 8 punti per tot ct 5,20 - CP gioielli e Afrodite","isPartOf":{"@id":"https:\/\/cpgioielli.it\/en\/#website"},"datePublished":"2026-03-30T17:43:28+00:00","dateModified":"2026-03-30T17:43:28+00:00","breadcrumb":{"@id":"https:\/\/cpgioielli.it\/en\/prodotto\/bracciale-tennis-in-oro-9k-e-diamanti-lab-grown-da-8-punti-per-tot-ct-520\/#breadcrumb"},"inLanguage":"en-US","potentialAction":[{"@type":"ReadAction","target":["https:\/\/cpgioielli.it\/en\/prodotto\/bracciale-tennis-in-oro-9k-e-diamanti-lab-grown-da-8-punti-per-tot-ct-520\/"]}]},{"@type":"BreadcrumbList","@id":"https:\/\/cpgioielli.it\/en\/prodotto\/bracciale-tennis-in-oro-9k-e-diamanti-lab-grown-da-8-punti-per-tot-ct-520\/#breadcrumb","itemListElement":[{"@type":"ListItem","position":1,"name":"Home","item":"https:\/\/cpgioielli.it\/en\/"},{"@type":"ListItem","position":2,"name":"Shop","item":"https:\/\/cpgioielli.it\/en\/shop-3\/"},{"@type":"ListItem","position":3,"name":"bracciale tennis in oro 9k e diamanti lab grown da 8 punti per tot ct 5,20"}]},{"@type":"WebSite","@id":"https:\/\/cpgioielli.it\/en\/#website","url":"https:\/\/cpgioielli.it\/en\/","name":"CPGIOIELLI.IT VICENZA","description":"L&#039;ORIGINALIT\u00c0 DEL GIOIELLO ITALIANO","publisher":{"@id":"https:\/\/cpgioielli.it\/en\/#organization"},"potentialAction":[{"@type":"SearchAction","target":{"@type":"EntryPoint","urlTemplate":"https:\/\/cpgioielli.it\/en\/?s={search_term_string}"},"query-input":"required name=search_term_string"}],"inLanguage":"en-US"},{"@type":"Organization","@id":"https:\/\/cpgioielli.it\/en\/#organization","name":"C.P.s.r.l.","url":"https:\/\/cpgioielli.it\/en\/","logo":{"@type":"ImageObject","inLanguage":"en-US","@id":"https:\/\/cpgioielli.it\/en\/#\/schema\/logo\/image\/","url":"https:\/\/cpgioielli.it\/wp-content\/uploads\/2016\/10\/logo_CP_nero_home.jpg","contentUrl":"https:\/\/cpgioielli.it\/wp-content\/uploads\/2016\/10\/logo_CP_nero_home.jpg","width":182,"height":182,"caption":"C.P.s.r.l."},"image":{"@id":"https:\/\/cpgioielli.it\/en\/#\/schema\/logo\/image\/"},"sameAs":["https:\/\/www.facebook.com\/cp.srl\/","https:\/\/www.instagram.com\/cpgioielli.it\/","https:\/\/www.instagram.com\/adoroigioielli\/profilecard\/?igsh=MTlwYjF0Z3UwZGhycg==","https:\/\/www.facebook.com\/share\/1G82VnFrvf\/?mibextid=wwXIfr"]}]}},"_links":{"self":[{"href":"https:\/\/cpgioielli.it\/en\/wp-json\/wp\/v2\/product\/361493"}],"collection":[{"href":"https:\/\/cpgioielli.it\/en\/wp-json\/wp\/v2\/product"}],"about":[{"href":"https:\/\/cpgioielli.it\/en\/wp-json\/wp\/v2\/types\/product"}],"wp:featuredmedia":[{"embeddable":true,"href":"https:\/\/cpgioielli.it\/en\/wp-json\/wp\/v2\/media\/361506"}],"wp:attachment":[{"href":"https:\/\/cpgioielli.it\/en\/wp-json\/wp\/v2\/media?parent=361493"}],"wp:term":[{"taxonomy":"product_cat","embeddable":true,"href":"https:\/\/cpgioielli.it\/en\/wp-json\/wp\/v2\/product_cat?post=361493"},{"taxonomy":"product_tag","embeddable":true,"href":"https:\/\/cpgioielli.it\/en\/wp-json\/wp\/v2\/product_tag?post=361493"}],"curies":[{"name":"wp","href":"https:\/\/api.w.org\/{rel}","templated":true}]}}